
{"id":69,"date":"2021-03-25T08:07:15","date_gmt":"2021-03-25T07:07:15","guid":{"rendered":"https:\/\/przedszkole136.edu.wroclaw.pl\/?page_id=69"},"modified":"2021-03-25T11:15:31","modified_gmt":"2021-03-25T10:15:31","slug":"dlaczego-sport","status":"publish","type":"page","link":"https:\/\/przedszkole136.edu.wroclaw.pl\/index.php\/oferta-przedszkola\/dlaczego-sport\/","title":{"rendered":"Dlaczego Sport?"},"content":{"rendered":"<div class=\"wpb-content-wrapper\"><p>[vc_row][vc_column width=&#8221;1\/2&#8243;][vc_column_text]<\/p>\n<div class=\"et_pb_module et_pb_text et_pb_text_0 et_pb_bg_layout_light et_pb_text_align_left\">\n<div class=\"et_pb_text_inner\">\n<p><strong>Bo jest doskona\u0142\u0105 alternatyw\u0105 dla telewizji, komputera, tabletu. <\/strong><\/p>\n<p><strong>A tak\u017ce i przede wszystkim:<\/strong><\/p>\n<\/div>\n<\/div>\n<div class=\"et_pb_module et_pb_text et_pb_text_1 et_pb_bg_layout_light et_pb_text_align_left\">\n<div class=\"et_pb_text_inner\">\n<ul>\n<li><strong>Sport utrzymuje prawid\u0142ow\u0105 wag\u0119 cia\u0142a<\/strong><\/li>\n<li><strong>Sport wzmacnia organizm<\/strong><\/li>\n<li><strong>Sport uczy wsp\u00f3\u0142pracy<\/strong><\/li>\n<li><strong>Sport poprawia samoocen\u0119<\/strong><\/li>\n<li><strong>Sport pozwala na pozbycie si\u0119 nadmiaru energii<\/strong><\/li>\n<li><strong>Sport kszta\u0142tuje charakter<\/strong><\/li>\n<li><strong>Sport sprawia rado\u015b\u0107<\/strong><\/li>\n<li><strong>Sport kszta\u0142tuje zdrowe nawyki<\/strong><\/li>\n<\/ul>\n<\/div>\n<\/div>\n<div class=\"et_pb_module et_pb_text et_pb_text_2 et_pb_bg_layout_light et_pb_text_align_left\">\n<div class=\"et_pb_text_inner\">\n<p><strong>Dlatego Przedszkole \u201eMa\u0142y Sportowiec\u201d.<\/strong><\/p>\n<\/div>\n<\/div>\n<p>[\/vc_column_text][\/vc_column][vc_column width=&#8221;1\/2&#8243;][vc_single_image image=&#8221;135&#8243; img_size=&#8221;full&#8221; style=&#8221;vc_box_rounded&#8221;][\/vc_column][\/vc_row]<\/p>\n<\/div>","protected":false},"excerpt":{"rendered":"<p>[vc_row][vc_column width=&#8221;1\/2&#8243;][vc_column_text] Bo jest doskona\u0142\u0105 alternatyw\u0105 dla telewizji, komputera, tabletu. A tak\u017ce i przede wszystkim: Sport utrzymuje prawid\u0142ow\u0105 wag\u0119 cia\u0142a Sport wzmacnia organizm Sport uczy wsp\u00f3\u0142pracy Sport poprawia samoocen\u0119 Sport [&hellip;]<\/p>\n","protected":false},"author":15,"featured_media":0,"parent":61,"menu_order":0,"comment_status":"closed","ping_status":"closed","template":"","meta":{"ngg_post_thumbnail":0,"footnotes":""},"class_list":["post-69","page","type-page","status-publish","hentry","clearfix"],"_links":{"self":[{"href":"https:\/\/przedszkole136.edu.wroclaw.pl\/index.php\/wp-json\/wp\/v2\/pages\/69","targetHints":{"allow":["GET"]}}],"collection":[{"href":"https:\/\/przedszkole136.edu.wroclaw.pl\/index.php\/wp-json\/wp\/v2\/pages"}],"about":[{"href":"https:\/\/przedszkole136.edu.wroclaw.pl\/index.php\/wp-json\/wp\/v2\/types\/page"}],"author":[{"embeddable":true,"href":"https:\/\/przedszkole136.edu.wroclaw.pl\/index.php\/wp-json\/wp\/v2\/users\/15"}],"replies":[{"embeddable":true,"href":"https:\/\/przedszkole136.edu.wroclaw.pl\/index.php\/wp-json\/wp\/v2\/comments?post=69"}],"version-history":[{"count":3,"href":"https:\/\/przedszkole136.edu.wroclaw.pl\/index.php\/wp-json\/wp\/v2\/pages\/69\/revisions"}],"predecessor-version":[{"id":136,"href":"https:\/\/przedszkole136.edu.wroclaw.pl\/index.php\/wp-json\/wp\/v2\/pages\/69\/revisions\/136"}],"up":[{"embeddable":true,"href":"https:\/\/przedszkole136.edu.wroclaw.pl\/index.php\/wp-json\/wp\/v2\/pages\/61"}],"wp:attachment":[{"href":"https:\/\/przedszkole136.edu.wroclaw.pl\/index.php\/wp-json\/wp\/v2\/media?parent=69"}],"curies":[{"name":"wp","href":"https:\/\/api.w.org\/{rel}","templated":true}]}}