
{"id":67,"date":"2021-03-25T08:06:20","date_gmt":"2021-03-25T07:06:20","guid":{"rendered":"https:\/\/przedszkole136.edu.wroclaw.pl\/?page_id=67"},"modified":"2024-10-09T10:53:29","modified_gmt":"2024-10-09T08:53:29","slug":"zajecia-dodatkowe","status":"publish","type":"page","link":"https:\/\/przedszkole136.edu.wroclaw.pl\/index.php\/oferta-przedszkola\/zajecia-dodatkowe\/","title":{"rendered":"Zaj\u0119cia Dodatkowe"},"content":{"rendered":"<div class=\"wpb-content-wrapper\"><p>[vc_row][vc_column width=&#8221;1\/2&#8243;][vc_column_text css=&#8221;&#8221;]<\/p>\n<ul>\n<li>\n<h2><span style=\"font-size: 12pt\">Gimnastyka og\u00f3lnorozwojowa<\/span><\/h2>\n<\/li>\n<li><span style=\"font-size: 12pt\">Dodatkowe zaj\u0119cia ruchowe<\/span><\/li>\n<li>\n<h2><span style=\"font-size: 12pt\">Gimnastyka korekcyjna<\/span><\/h2>\n<\/li>\n<li><span style=\"font-size: 12pt\">Zaj\u0119cia Taneczne<\/span><\/li>\n<li>\n<h2><span style=\"font-size: 12pt\">J\u0119zyk angielski<\/span><\/h2>\n<\/li>\n<li>\n<h2><span style=\"font-size: 12pt\">Zaj\u0119cia logopedyczne<\/span><\/h2>\n<\/li>\n<li>\n<h2><span style=\"font-size: 12pt\">Rytmika<\/span><\/h2>\n<\/li>\n<li>\n<h2><span style=\"font-size: 12pt\">Religia<\/span><\/h2>\n<\/li>\n<li>\n<h2><span style=\"font-size: 12pt\">W ramach projektu \u201eMali Wspaniali\u201d \u2013 karate<\/span><\/h2>\n<\/li>\n<\/ul>\n<p>[\/vc_column_text][\/vc_column][vc_column width=&#8221;1\/2&#8243;][vc_single_image image=&#8221;132&#8243; img_size=&#8221;full&#8221; alignment=&#8221;center&#8221; style=&#8221;vc_box_rounded&#8221;][\/vc_column][\/vc_row]<\/p>\n<\/div>","protected":false},"excerpt":{"rendered":"<p>[vc_row][vc_column width=&#8221;1\/2&#8243;][vc_column_text css=&#8221;&#8221;] Gimnastyka og\u00f3lnorozwojowa Dodatkowe zaj\u0119cia ruchowe Gimnastyka korekcyjna Zaj\u0119cia Taneczne J\u0119zyk angielski Zaj\u0119cia logopedyczne Rytmika Religia W ramach projektu \u201eMali Wspaniali\u201d \u2013 karate [\/vc_column_text][\/vc_column][vc_column width=&#8221;1\/2&#8243;][vc_single_image image=&#8221;132&#8243; img_size=&#8221;full&#8221; alignment=&#8221;center&#8221; [&hellip;]<\/p>\n","protected":false},"author":15,"featured_media":0,"parent":61,"menu_order":0,"comment_status":"closed","ping_status":"closed","template":"","meta":{"ngg_post_thumbnail":0,"footnotes":""},"class_list":["post-67","page","type-page","status-publish","hentry","clearfix"],"_links":{"self":[{"href":"https:\/\/przedszkole136.edu.wroclaw.pl\/index.php\/wp-json\/wp\/v2\/pages\/67","targetHints":{"allow":["GET"]}}],"collection":[{"href":"https:\/\/przedszkole136.edu.wroclaw.pl\/index.php\/wp-json\/wp\/v2\/pages"}],"about":[{"href":"https:\/\/przedszkole136.edu.wroclaw.pl\/index.php\/wp-json\/wp\/v2\/types\/page"}],"author":[{"embeddable":true,"href":"https:\/\/przedszkole136.edu.wroclaw.pl\/index.php\/wp-json\/wp\/v2\/users\/15"}],"replies":[{"embeddable":true,"href":"https:\/\/przedszkole136.edu.wroclaw.pl\/index.php\/wp-json\/wp\/v2\/comments?post=67"}],"version-history":[{"count":6,"href":"https:\/\/przedszkole136.edu.wroclaw.pl\/index.php\/wp-json\/wp\/v2\/pages\/67\/revisions"}],"predecessor-version":[{"id":5875,"href":"https:\/\/przedszkole136.edu.wroclaw.pl\/index.php\/wp-json\/wp\/v2\/pages\/67\/revisions\/5875"}],"up":[{"embeddable":true,"href":"https:\/\/przedszkole136.edu.wroclaw.pl\/index.php\/wp-json\/wp\/v2\/pages\/61"}],"wp:attachment":[{"href":"https:\/\/przedszkole136.edu.wroclaw.pl\/index.php\/wp-json\/wp\/v2\/media?parent=67"}],"curies":[{"name":"wp","href":"https:\/\/api.w.org\/{rel}","templated":true}]}}