
{"id":50,"date":"2021-03-25T07:52:29","date_gmt":"2021-03-25T06:52:29","guid":{"rendered":"https:\/\/przedszkole136.edu.wroclaw.pl\/?page_id=50"},"modified":"2021-03-25T09:30:22","modified_gmt":"2021-03-25T08:30:22","slug":"50-2","status":"publish","type":"page","link":"https:\/\/przedszkole136.edu.wroclaw.pl\/index.php\/o-przedszkolu\/50-2\/","title":{"rendered":"Hymn Przedszkola"},"content":{"rendered":"<div class=\"wpb-content-wrapper\"><p>[vc_row css=&#8221;.vc_custom_1616660685414{background-image: url(https:\/\/przedszkole136.edu.wroclaw.pl\/wp-content\/uploads\/sites\/59\/2021\/03\/notes-311995_1280.png?id=105) !important;background-position: center !important;background-repeat: no-repeat !important;background-size: contain !important;}&#8221;][vc_column width=&#8221;1\/3&#8243;][\/vc_column][vc_column width=&#8221;1\/3&#8243;][vc_column_text css=&#8221;.vc_custom_1616661021775{padding: 20px !important;background-color: #ffffff !important;}&#8221;]<\/p>\n<h2><span style=\"font-family: georgia, palatino, serif; color: #e12e2e; font-size: 24px;\">Hymn Przedszkola Nr 136 \u201eMa\u0142y Sportowiec\u201d<\/span><\/h2>\n<p>Kiedy rano wstaje,<br \/>\nS\u0142o\u0144ce mocno \u015bwieci.<br \/>\nJem zdrowe \u015bniadanie<br \/>\nI biegn\u0119 do dzieci.<br \/>\nBo \u201eMa\u0142y Sportowiec\u201d<br \/>\nTo moje przedszkole,<br \/>\nSportowe zabawy,<br \/>\nZdrowe serce moje.<\/p>\n<p>Tu w naszym przedszkolu<br \/>\nS\u0105 wtorki sportowe<br \/>\nWi\u0119c nasze serduszka<br \/>\nS\u0105 mocne i zdrowe.<br \/>\n\u0106wiczymy codziennie<br \/>\nPrzysiady i sk\u0142ony<br \/>\nCia\u0142a mamy pr\u0119\u017cne<br \/>\nI serca jak dzwony[\/vc_column_text][\/vc_column][vc_column width=&#8221;1\/3&#8243;][\/vc_column][\/vc_row]<\/p>\n<\/div>","protected":false},"excerpt":{"rendered":"<p>[vc_row css=&#8221;.vc_custom_1616660685414{background-image: url(https:\/\/przedszkole136.edu.wroclaw.pl\/wp-content\/uploads\/sites\/59\/2021\/03\/notes-311995_1280.png?id=105) !important;background-position: center !important;background-repeat: no-repeat !important;background-size: contain !important;}&#8221;][vc_column width=&#8221;1\/3&#8243;][\/vc_column][vc_column width=&#8221;1\/3&#8243;][vc_column_text css=&#8221;.vc_custom_1616661021775{padding: 20px !important;background-color: #ffffff !important;}&#8221;] Hymn Przedszkola Nr 136 \u201eMa\u0142y Sportowiec\u201d Kiedy rano wstaje, S\u0142o\u0144ce mocno \u015bwieci. Jem [&hellip;]<\/p>\n","protected":false},"author":15,"featured_media":0,"parent":42,"menu_order":0,"comment_status":"closed","ping_status":"closed","template":"","meta":{"ngg_post_thumbnail":0,"footnotes":""},"class_list":["post-50","page","type-page","status-publish","hentry","clearfix"],"_links":{"self":[{"href":"https:\/\/przedszkole136.edu.wroclaw.pl\/index.php\/wp-json\/wp\/v2\/pages\/50","targetHints":{"allow":["GET"]}}],"collection":[{"href":"https:\/\/przedszkole136.edu.wroclaw.pl\/index.php\/wp-json\/wp\/v2\/pages"}],"about":[{"href":"https:\/\/przedszkole136.edu.wroclaw.pl\/index.php\/wp-json\/wp\/v2\/types\/page"}],"author":[{"embeddable":true,"href":"https:\/\/przedszkole136.edu.wroclaw.pl\/index.php\/wp-json\/wp\/v2\/users\/15"}],"replies":[{"embeddable":true,"href":"https:\/\/przedszkole136.edu.wroclaw.pl\/index.php\/wp-json\/wp\/v2\/comments?post=50"}],"version-history":[{"count":5,"href":"https:\/\/przedszkole136.edu.wroclaw.pl\/index.php\/wp-json\/wp\/v2\/pages\/50\/revisions"}],"predecessor-version":[{"id":106,"href":"https:\/\/przedszkole136.edu.wroclaw.pl\/index.php\/wp-json\/wp\/v2\/pages\/50\/revisions\/106"}],"up":[{"embeddable":true,"href":"https:\/\/przedszkole136.edu.wroclaw.pl\/index.php\/wp-json\/wp\/v2\/pages\/42"}],"wp:attachment":[{"href":"https:\/\/przedszkole136.edu.wroclaw.pl\/index.php\/wp-json\/wp\/v2\/media?parent=50"}],"curies":[{"name":"wp","href":"https:\/\/api.w.org\/{rel}","templated":true}]}}