
{"id":48,"date":"2021-03-25T07:50:15","date_gmt":"2021-03-25T06:50:15","guid":{"rendered":"https:\/\/przedszkole136.edu.wroclaw.pl\/?page_id=48"},"modified":"2026-03-03T12:23:45","modified_gmt":"2026-03-03T11:23:45","slug":"nasze-grupy","status":"publish","type":"page","link":"https:\/\/przedszkole136.edu.wroclaw.pl\/index.php\/o-przedszkolu\/nasze-grupy\/","title":{"rendered":"Nasze Grupy"},"content":{"rendered":"<div class=\"wpb-content-wrapper\"><p>[vc_row][vc_column width=&#8221;1\/3&#8243;][vc_single_image image=&#8221;94&#8243; img_size=&#8221;full&#8221; style=&#8221;vc_box_rounded&#8221;][vc_column_text css=&#8221;&#8221;]<\/p>\n<h2>I &#8222;BALONIKI&#8221;<\/h2>\n<div>Nauczycielki:<br \/>\nTeresa Soberka, Anna Toru\u0144ska, Dorota Aszkie\u0142owicz<br \/>\nPomoc nauczyciela: Beata Bartoszewicz<\/div>\n<div>Obs\u0142uga: Ilona Ostafi\u0144ska<\/div>\n<p>[\/vc_column_text][\/vc_column][vc_column width=&#8221;1\/3&#8243;][vc_single_image image=&#8221;99&#8243; img_size=&#8221;full&#8221; style=&#8221;vc_box_rounded&#8221;][vc_column_text css=&#8221;&#8221;]<\/p>\n<h2>II \u201eBIEGUSKI\u201d<\/h2>\n<div>Nauczycielki: Angelika Chyra, Monika Jeziorska, Anna Wysocka<\/div>\n<div>Pomoc nauczyciela: Marta Tyszkiewicz<\/div>\n<div>Obs\u0142uga: Barbara Szymczyk<\/div>\n<p>[\/vc_column_text][\/vc_column][vc_column width=&#8221;1\/3&#8243;][vc_single_image image=&#8221;5918&#8243; img_size=&#8221;full&#8221; style=&#8221;vc_box_rounded&#8221; css=&#8221;&#8221;][vc_column_text css=&#8221;&#8221;]<\/p>\n<h2>IV \u201eAKROBACI\u201d<\/h2>\n<div>Nauczycielki: Agata Kubiak-Grabowska, Kornelia Buda<\/div>\n<div>Obs\u0142uga Anna Skupie\u0144<\/div>\n<div><\/div>\n<p>[\/vc_column_text][\/vc_column][\/vc_row][vc_row][vc_column width=&#8221;1\/3&#8243;][vc_single_image image=&#8221;98&#8243; img_size=&#8221;full&#8221; style=&#8221;vc_box_rounded&#8221; css=&#8221;&#8221;][vc_column_text css=&#8221;&#8221;]<\/p>\n<h2>V &#8222;MALI KOLARZE\u201d<\/h2>\n<div>Nauczycielki: Ewa Przybylska, Ma\u0142gorzata Bidny<\/div>\n<div>Pomoc nauczyciela: Katarzyna Ozga<br \/>\nObs\u0142uga: Weronka Rz\u0105sa<\/div>\n<p>[\/vc_column_text][\/vc_column][vc_column width=&#8221;1\/3&#8243;][vc_single_image image=&#8221;5091&#8243; img_size=&#8221;full&#8221; style=&#8221;vc_box_rounded&#8221; css=&#8221;&#8221;][vc_column_text css=&#8221;&#8221;]<\/p>\n<h2>VI \u201eSKOCZKI\u201d<\/h2>\n<div>Nauczycielki: Violetta Sztogryn, Teresa Malej, Anna Szlemer<\/div>\n<div>Pomoc nauczyciela: Karolina Gamska<\/div>\n<div>Obs\u0142uga: Agnieszka Rz\u0105sa<\/div>\n<p>[\/vc_column_text][\/vc_column][vc_column width=&#8221;1\/3&#8243;][vc_single_image image=&#8221;96&#8243; img_size=&#8221;full&#8221; style=&#8221;vc_box_rounded&#8221;][vc_column_text css=&#8221;&#8221;]<\/p>\n<h2>III \u201eSPORTOWE DUSZKI\u201d<\/h2>\n<div>Nauczycielki: Ewelina Kutna-Czernik, Dorota Sosna<\/div>\n<div>Obs\u0142uga: Aneta Kurowska<\/div>\n<div><\/div>\n<p>[\/vc_column_text][\/vc_column][\/vc_row]<\/p>\n<\/div>","protected":false},"excerpt":{"rendered":"<p>[vc_row][vc_column width=&#8221;1\/3&#8243;][vc_single_image image=&#8221;94&#8243; img_size=&#8221;full&#8221; style=&#8221;vc_box_rounded&#8221;][vc_column_text css=&#8221;&#8221;] I &#8222;BALONIKI&#8221; Nauczycielki: Teresa Soberka, Anna Toru\u0144ska, Dorota Aszkie\u0142owicz Pomoc nauczyciela: Beata Bartoszewicz Obs\u0142uga: Ilona Ostafi\u0144ska [\/vc_column_text][\/vc_column][vc_column width=&#8221;1\/3&#8243;][vc_single_image image=&#8221;99&#8243; img_size=&#8221;full&#8221; style=&#8221;vc_box_rounded&#8221;][vc_column_text css=&#8221;&#8221;] II \u201eBIEGUSKI\u201d [&hellip;]<\/p>\n","protected":false},"author":15,"featured_media":0,"parent":42,"menu_order":0,"comment_status":"closed","ping_status":"closed","template":"","meta":{"ngg_post_thumbnail":0,"footnotes":""},"class_list":["post-48","page","type-page","status-publish","hentry","clearfix"],"_links":{"self":[{"href":"https:\/\/przedszkole136.edu.wroclaw.pl\/index.php\/wp-json\/wp\/v2\/pages\/48","targetHints":{"allow":["GET"]}}],"collection":[{"href":"https:\/\/przedszkole136.edu.wroclaw.pl\/index.php\/wp-json\/wp\/v2\/pages"}],"about":[{"href":"https:\/\/przedszkole136.edu.wroclaw.pl\/index.php\/wp-json\/wp\/v2\/types\/page"}],"author":[{"embeddable":true,"href":"https:\/\/przedszkole136.edu.wroclaw.pl\/index.php\/wp-json\/wp\/v2\/users\/15"}],"replies":[{"embeddable":true,"href":"https:\/\/przedszkole136.edu.wroclaw.pl\/index.php\/wp-json\/wp\/v2\/comments?post=48"}],"version-history":[{"count":19,"href":"https:\/\/przedszkole136.edu.wroclaw.pl\/index.php\/wp-json\/wp\/v2\/pages\/48\/revisions"}],"predecessor-version":[{"id":7057,"href":"https:\/\/przedszkole136.edu.wroclaw.pl\/index.php\/wp-json\/wp\/v2\/pages\/48\/revisions\/7057"}],"up":[{"embeddable":true,"href":"https:\/\/przedszkole136.edu.wroclaw.pl\/index.php\/wp-json\/wp\/v2\/pages\/42"}],"wp:attachment":[{"href":"https:\/\/przedszkole136.edu.wroclaw.pl\/index.php\/wp-json\/wp\/v2\/media?parent=48"}],"curies":[{"name":"wp","href":"https:\/\/api.w.org\/{rel}","templated":true}]}}