
{"id":4752,"date":"2022-02-28T14:02:08","date_gmt":"2022-02-28T13:02:08","guid":{"rendered":"https:\/\/przedszkole136.edu.wroclaw.pl\/?page_id=4752"},"modified":"2022-02-28T14:02:46","modified_gmt":"2022-02-28T13:02:46","slug":"rodo","status":"publish","type":"page","link":"https:\/\/przedszkole136.edu.wroclaw.pl\/index.php\/rodo\/","title":{"rendered":"RODO"},"content":{"rendered":"<div class=\"wpb-content-wrapper\"><p>[vc_row][vc_column][vc_column_text]<\/p>\n<ul>\n<li><a href=\"https:\/\/przedszkole136.edu.wroclaw.pl\/wp-content\/uploads\/sites\/59\/2022\/02\/Zal.-12a.-Klauzula-monitoring.docx\">Za\u0142. 12a. Klauzula monitoring [docx 34KB]<\/a><\/li>\n<li><a href=\"https:\/\/przedszkole136.edu.wroclaw.pl\/wp-content\/uploads\/sites\/59\/2022\/02\/Zal.-11a.-Konkurs-zgoda-i-klauzula.docx\">Za\u0142. 11a. Konkurs zgoda i klauzula [docx 37KB]<\/a><\/li>\n<li><a href=\"https:\/\/przedszkole136.edu.wroclaw.pl\/wp-content\/uploads\/sites\/59\/2022\/02\/Zal.-9.-Karta-do-odbioru-dziecka-z-przedszkola.docx\">Za\u0142. 9. Karta do odbioru dziecka z przedszkola [docx 32KB]<\/a><\/li>\n<li><a href=\"https:\/\/przedszkole136.edu.wroclaw.pl\/wp-content\/uploads\/sites\/59\/2022\/02\/Zal.-8a.-Zgoda-na-udzial-w-lekcjach-religii.docx\">Za\u0142. 8a. Zgoda na udzia\u0142 w lekcjach religii [docx 29KB]<\/a><\/li>\n<li><a href=\"https:\/\/przedszkole136.edu.wroclaw.pl\/wp-content\/uploads\/sites\/59\/2022\/02\/Zal.-8.-Zgoda-na-wizerunek-na-www.docx\">Za\u0142. 8. Zgoda na wizerunek na www [docx 32KB]<\/a><\/li>\n<li><a href=\"https:\/\/przedszkole136.edu.wroclaw.pl\/wp-content\/uploads\/sites\/59\/2022\/02\/Zal.-7x.-Klauzula-dla-osob-upowaznionych-do-odbioru-dziecka-z-przedszkola.docx\">Za\u0142. 7x. Klauzula &#8211; dla os\u00f3b upowa\u017cnionych do odbioru dziecka z przedszkola [docx 36KB]<\/a><\/li>\n<li><a href=\"https:\/\/przedszkole136.edu.wroclaw.pl\/wp-content\/uploads\/sites\/59\/2022\/02\/Zal.-7n.-Klauzula-edukacja-dziecka-w-placowce-01.docx\">Za\u0142. 7n. Klauzula &#8211; edukacja dziecka w plac\u00f3wce [docx 40KB]<\/a><\/li>\n<li><a href=\"https:\/\/przedszkole136.edu.wroclaw.pl\/wp-content\/uploads\/sites\/59\/2022\/02\/Zal.-7n.-Klauzula-edukacja-dziecka-w-placowce.docx\">Za\u0142. 7n. Klauzula &#8211; edukacja dziecka w plac\u00f3wce [docx 40KB]<\/a><\/li>\n<li><a href=\"https:\/\/przedszkole136.edu.wroclaw.pl\/wp-content\/uploads\/sites\/59\/2022\/02\/Zal.-7e.-Klauzula-strona-www.docx\">Za\u0142. 7e. Klauzula &#8211; strona www [docx 37KB]<\/a><\/li>\n<li><a href=\"https:\/\/przedszkole136.edu.wroclaw.pl\/wp-content\/uploads\/sites\/59\/2022\/02\/Zal.-7c.-Klauzula-korespondencja-elektroniczna.docx\">Za\u0142. 7c. Klauzula &#8211; korespondencja elektroniczna [docx 39KB]<\/a><\/li>\n<li><a href=\"https:\/\/przedszkole136.edu.wroclaw.pl\/wp-content\/uploads\/sites\/59\/2022\/02\/Zal.-7.-Klauzula-zlozenie-pisma-w-placowce.docx\">Za\u0142. 7. Klauzula &#8211; z\u0142o\u017cenie pisma w plac\u00f3wce [docx 39KB]<\/a><\/li>\n<li><a href=\"https:\/\/przedszkole136.edu.wroclaw.pl\/wp-content\/uploads\/sites\/59\/2022\/02\/Zal.-6a.-Podstawowe-reguly-przetwarzania-danych.docx\">Za\u0142. 6a. Podstawowe regu\u0142y przetwarzania danych [docx 38KB]<\/a><\/li>\n<\/ul>\n<p>[\/vc_column_text][\/vc_column][\/vc_row]<\/p>\n<\/div>","protected":false},"excerpt":{"rendered":"<p>[vc_row][vc_column][vc_column_text] Za\u0142. 12a. Klauzula monitoring [docx 34KB] Za\u0142. 11a. Konkurs zgoda i klauzula [docx 37KB] Za\u0142. 9. Karta do odbioru dziecka z przedszkola [docx 32KB] Za\u0142. 8a. Zgoda na udzia\u0142 [&hellip;]<\/p>\n","protected":false},"author":15,"featured_media":0,"parent":0,"menu_order":0,"comment_status":"closed","ping_status":"closed","template":"","meta":{"ngg_post_thumbnail":0,"footnotes":""},"class_list":["post-4752","page","type-page","status-publish","hentry","clearfix"],"_links":{"self":[{"href":"https:\/\/przedszkole136.edu.wroclaw.pl\/index.php\/wp-json\/wp\/v2\/pages\/4752","targetHints":{"allow":["GET"]}}],"collection":[{"href":"https:\/\/przedszkole136.edu.wroclaw.pl\/index.php\/wp-json\/wp\/v2\/pages"}],"about":[{"href":"https:\/\/przedszkole136.edu.wroclaw.pl\/index.php\/wp-json\/wp\/v2\/types\/page"}],"author":[{"embeddable":true,"href":"https:\/\/przedszkole136.edu.wroclaw.pl\/index.php\/wp-json\/wp\/v2\/users\/15"}],"replies":[{"embeddable":true,"href":"https:\/\/przedszkole136.edu.wroclaw.pl\/index.php\/wp-json\/wp\/v2\/comments?post=4752"}],"version-history":[{"count":1,"href":"https:\/\/przedszkole136.edu.wroclaw.pl\/index.php\/wp-json\/wp\/v2\/pages\/4752\/revisions"}],"predecessor-version":[{"id":4753,"href":"https:\/\/przedszkole136.edu.wroclaw.pl\/index.php\/wp-json\/wp\/v2\/pages\/4752\/revisions\/4753"}],"wp:attachment":[{"href":"https:\/\/przedszkole136.edu.wroclaw.pl\/index.php\/wp-json\/wp\/v2\/media?parent=4752"}],"curies":[{"name":"wp","href":"https:\/\/api.w.org\/{rel}","templated":true}]}}