
{"id":38,"date":"2021-03-16T10:00:08","date_gmt":"2021-03-16T09:00:08","guid":{"rendered":"https:\/\/przedszkole136.edu.wroclaw.pl\/?page_id=38"},"modified":"2026-02-17T10:20:23","modified_gmt":"2026-02-17T09:20:23","slug":"glowna","status":"publish","type":"page","link":"https:\/\/przedszkole136.edu.wroclaw.pl\/","title":{"rendered":"G\u0142\u00f3wna"},"content":{"rendered":"<div class=\"wpb-content-wrapper\"><p>[vc_row][vc_column width=&#8221;1\/2&#8243;][vc_column_text css=&#8221;&#8221;]<\/p>\n<h2><span style=\"font-family: georgia, palatino, serif;color: #e12e2e;font-size: 24px\">Przedszkole \u201eMa\u0142y Sportowiec\u201d we Wroc\u0142awiu<\/span><\/h2>\n<p>&#8211;<strong class=\"font-medium\">Przedszkole Nr 136 \u201eMa\u0142y Sportowiec\u201d<\/strong>\u00a0to przyjazna dzieciom plac\u00f3wka zlokalizowana w dzielnicy Krzyki, na Osiedlu Huby przy ul. Glinianej 85. Mie\u015bcimy si\u0119 w wolnostoj\u0105cym budynku po generalnym remoncie. Plac\u00f3wka posiada podjazd dla w\u00f3zk\u00f3w inwalidzkich.<\/p>\n<p>Przedszkole liczy 6 oddzia\u0142\u00f3w i oferuje 145 miejsc dla dzieci w wieku 3\u20136 lat.<br \/>\nW roku szkolnym\u00a0<strong class=\"font-medium\">2026\/2027 otwieramy grup\u0119 integracyjn\u0105 dla dzieci 3\u20134-letnich<\/strong>.<\/p>\n<p>Nowo\u015bci\u0105 b\u0119dzie\u00a0<strong class=\"font-medium\">rozszerzona oferta j\u0119zyka angielskiego \u2013 przedszkole z codziennym j\u0119zykiem angielskim<\/strong>, prowadzonym w ma\u0142ych grupach, ok. 10-osobowych.<\/p>\n<p>Jeste\u015bmy przedszkolem o\u00a0<strong class=\"font-medium\">profilu sportowym<\/strong>. Dysponujemy w\u0142asn\u0105,\u00a0<strong class=\"font-medium\">bardzo dobrze wyposa\u017con\u0105 sal\u0105 gimnastyczn\u0105<\/strong>, kt\u00f3ra umo\u017cliwia prowadzenie r\u00f3\u017cnorodnych i atrakcyjnych zaj\u0119\u0107 ruchowych przez ca\u0142y rok. Zaj\u0119cia gimnastyczne odbywaj\u0105 si\u0119 w\u00a0<strong class=\"font-medium\">ma\u0142ych, ok.10 &#8211; osobowych grupach<\/strong>, co gwarantuje bezpiecze\u0144stwo oraz indywidualne podej\u015bcie do ka\u017cdego dziecka. W naszej ofercie znajduj\u0105 si\u0119:<br \/>\n\u2022 gimnastyka og\u00f3lnorozwojowa i korekcyjna<br \/>\n\u2022 podstawy karate w ramach programu \u201eMali Wspaniali\u201d<br \/>\n\u2022 rytmika<br \/>\n\u2022 zaj\u0119cia taneczne<\/p>\n<p>Zapewniamy r\u00f3wnie\u017c specjalistyczne wsparcie: logopedy, pedagoga specjalnego oraz psychologa.<\/p>\n<p>Przedszkole funkcjonuje w godzinach\u00a0<strong class=\"font-medium\">7:00\u201317:00<\/strong>.<br \/>\nTeren plac\u00f3wki jest ogrodzony i w pe\u0142ni zagospodarowany \u2013 dzieci korzystaj\u0105 z bezpiecznego, zazielenionego placu zabaw wyposa\u017conego w nowoczesny sprz\u0119t. Posiadamy boisko, w pe\u0142ni wyposa\u017con\u0105 \u015bcie\u017ck\u0119 rowerow\u0105 (znaki drogowe, rowerki, hulajnogi, kaski).<\/p>\n<p><strong class=\"font-medium\">\u201eMa\u0142y Sportowiec\u201d to miejsce, w kt\u00f3rym dbamy o wszechstronny rozw\u00f3j dziecka \u2013 poznawczy, ruchowy, j\u0119zykowy, spo\u0142eczny i emocjonalny \u2013 w bezpiecznej i funkcjonalnej przestrzeni.<\/strong>[\/vc_column_text][\/vc_column][vc_column width=&#8221;1\/2&#8243;][vc_single_image image=&#8221;6566&#8243; img_size=&#8221;350&#215;250&#8243; alignment=&#8221;center&#8221; css=&#8221;&#8221;][vc_single_image image=&#8221;7033&#8243; img_size=&#8221;350&#215;250&#8243; alignment=&#8221;center&#8221; style=&#8221;vc_box_rounded&#8221; css=&#8221;&#8221;][vc_single_image image=&#8221;6500&#8243; img_size=&#8221;350&#215;250&#8243; alignment=&#8221;center&#8221; style=&#8221;vc_box_rounded&#8221; css=&#8221;&#8221;][vc_gallery interval=&#8221;3&#8243; images=&#8221;7037&#8243; img_size=&#8221;350&#215;250&#8243; onclick=&#8221;&#8221; css=&#8221;&#8221;][\/vc_column][\/vc_row]<\/p>\n<\/div>","protected":false},"excerpt":{"rendered":"<p>[vc_row][vc_column width=&#8221;1\/2&#8243;][vc_column_text css=&#8221;&#8221;] Przedszkole \u201eMa\u0142y Sportowiec\u201d we Wroc\u0142awiu &#8211;Przedszkole Nr 136 \u201eMa\u0142y Sportowiec\u201d\u00a0to przyjazna dzieciom plac\u00f3wka zlokalizowana w dzielnicy Krzyki, na Osiedlu Huby przy ul. Glinianej 85. Mie\u015bcimy si\u0119 w [&hellip;]<\/p>\n","protected":false},"author":15,"featured_media":0,"parent":0,"menu_order":0,"comment_status":"closed","ping_status":"closed","template":"","meta":{"ngg_post_thumbnail":0,"footnotes":""},"class_list":["post-38","page","type-page","status-publish","hentry","clearfix"],"_links":{"self":[{"href":"https:\/\/przedszkole136.edu.wroclaw.pl\/index.php\/wp-json\/wp\/v2\/pages\/38","targetHints":{"allow":["GET"]}}],"collection":[{"href":"https:\/\/przedszkole136.edu.wroclaw.pl\/index.php\/wp-json\/wp\/v2\/pages"}],"about":[{"href":"https:\/\/przedszkole136.edu.wroclaw.pl\/index.php\/wp-json\/wp\/v2\/types\/page"}],"author":[{"embeddable":true,"href":"https:\/\/przedszkole136.edu.wroclaw.pl\/index.php\/wp-json\/wp\/v2\/users\/15"}],"replies":[{"embeddable":true,"href":"https:\/\/przedszkole136.edu.wroclaw.pl\/index.php\/wp-json\/wp\/v2\/comments?post=38"}],"version-history":[{"count":18,"href":"https:\/\/przedszkole136.edu.wroclaw.pl\/index.php\/wp-json\/wp\/v2\/pages\/38\/revisions"}],"predecessor-version":[{"id":7040,"href":"https:\/\/przedszkole136.edu.wroclaw.pl\/index.php\/wp-json\/wp\/v2\/pages\/38\/revisions\/7040"}],"wp:attachment":[{"href":"https:\/\/przedszkole136.edu.wroclaw.pl\/index.php\/wp-json\/wp\/v2\/media?parent=38"}],"curies":[{"name":"wp","href":"https:\/\/api.w.org\/{rel}","templated":true}]}}